{"id":1890,"date":"2023-11-28T17:21:52","date_gmt":"2023-11-28T16:21:52","guid":{"rendered":"https:\/\/strikkelilly.no\/?page_id=1890"},"modified":"2023-12-02T14:15:22","modified_gmt":"2023-12-02T13:15:22","slug":"om-oss","status":"publish","type":"page","link":"https:\/\/strikkelilly.no\/?page_id=1890","title":{"rendered":"Om Oss"},"content":{"rendered":"\t\t<div data-elementor-type=\"wp-page\" data-elementor-id=\"1890\" class=\"elementor elementor-1890\">\n\t\t\t\t<div class=\"elementor-element elementor-element-1fd7ef8 e-flex e-con-boxed e-con e-parent\" data-id=\"1fd7ef8\" data-element_type=\"container\" data-e-type=\"container\">\n\t\t\t\t\t<div class=\"e-con-inner\">\n\t\t<div class=\"elementor-element elementor-element-5a5d01e e-con-full e-flex e-con e-child\" data-id=\"5a5d01e\" data-element_type=\"container\" data-e-type=\"container\">\n\t\t\t\t<div class=\"elementor-element elementor-element-18c4f53 elementor-widget elementor-widget-text-editor\" data-id=\"18c4f53\" data-element_type=\"widget\" data-e-type=\"widget\" data-widget_type=\"text-editor.default\">\n\t\t\t\t<div class=\"elementor-widget-container\">\n\t\t\t\t\t\t\t\t\t<p style=\"font-weight: 400;\"><strong>STRIKKELILLY<\/strong><\/p><p style=\"font-weight: 400;\">Strikkelilly er den garnbutikken i Oslo som har holdt til lengst p\u00e5 samme adresse, og er derfor Oslo`s eldste garnbutikk.<\/p><p style=\"font-weight: 400;\">Butikken ble startet opp i 1969, og het da Bentes Boutique. Lilly har siden 1986 v\u00e6rt ansatt i Bentes Boutique, og jobbet da i alle avdelingene i Oslo, Bj\u00f8lsen (Gj\u00f8vikgt. 1A), Grunerl\u00f8kka (Markveien 52) og Carl Berners plass (Chr. Michelsensgt. 1) og ogs\u00e5 etter hvert noen perioder i avdelingen p\u00e5 \u00d8ster\u00e5s (\u00d8ster\u00e5s kj\u00f8pesenter). Lilly ble etter hvert butikksjef i avdelingen p\u00e5 Bj\u00f8lsen, og drev butikken i samarbeid med Bente til hun tok over driften i 2015 og skiftet navn til Strikkelilly.<\/p>\t\t\t\t\t\t\t\t<\/div>\n\t\t\t\t<\/div>\n\t\t\t\t<\/div>\n\t\t<div class=\"elementor-element elementor-element-eddd415 e-con-full e-flex e-con e-child\" data-id=\"eddd415\" data-element_type=\"container\" data-e-type=\"container\">\n\t\t\t\t<div class=\"elementor-element elementor-element-6400062 elementor-widget elementor-widget-image\" data-id=\"6400062\" data-element_type=\"widget\" data-e-type=\"widget\" data-widget_type=\"image.default\">\n\t\t\t\t<div class=\"elementor-widget-container\">\n\t\t\t\t\t\t\t\t\t\t\t\t\t\t\t<img fetchpriority=\"high\" decoding=\"async\" data-attachment-id=\"2015\" data-permalink=\"https:\/\/strikkelilly.no\/?attachment_id=2015\" data-orig-file=\"https:\/\/i0.wp.com\/strikkelilly.no\/wp-content\/uploads\/2023\/11\/131685334_230202985136391_5199427107568168379_n.jpg?fit=1080%2C607&amp;ssl=1\" data-orig-size=\"1080,607\" data-comments-opened=\"1\" data-image-meta=\"{&quot;aperture&quot;:&quot;0&quot;,&quot;credit&quot;:&quot;&quot;,&quot;camera&quot;:&quot;&quot;,&quot;caption&quot;:&quot;&quot;,&quot;created_timestamp&quot;:&quot;0&quot;,&quot;copyright&quot;:&quot;&quot;,&quot;focal_length&quot;:&quot;0&quot;,&quot;iso&quot;:&quot;0&quot;,&quot;shutter_speed&quot;:&quot;0&quot;,&quot;title&quot;:&quot;&quot;,&quot;orientation&quot;:&quot;0&quot;}\" data-image-title=\"131685334_230202985136391_5199427107568168379_n\" data-image-description=\"\" data-image-caption=\"\" data-large-file=\"https:\/\/i0.wp.com\/strikkelilly.no\/wp-content\/uploads\/2023\/11\/131685334_230202985136391_5199427107568168379_n.jpg?fit=1024%2C576&amp;ssl=1\" width=\"1024\" height=\"576\" src=\"https:\/\/i0.wp.com\/strikkelilly.no\/wp-content\/uploads\/2023\/11\/131685334_230202985136391_5199427107568168379_n.jpg?fit=1024%2C576&amp;ssl=1\" class=\"attachment-large size-large wp-image-2015\" alt=\"\" srcset=\"https:\/\/i0.wp.com\/strikkelilly.no\/wp-content\/uploads\/2023\/11\/131685334_230202985136391_5199427107568168379_n.jpg?w=1080&amp;ssl=1 1080w, https:\/\/i0.wp.com\/strikkelilly.no\/wp-content\/uploads\/2023\/11\/131685334_230202985136391_5199427107568168379_n.jpg?resize=300%2C169&amp;ssl=1 300w, https:\/\/i0.wp.com\/strikkelilly.no\/wp-content\/uploads\/2023\/11\/131685334_230202985136391_5199427107568168379_n.jpg?resize=1024%2C576&amp;ssl=1 1024w, https:\/\/i0.wp.com\/strikkelilly.no\/wp-content\/uploads\/2023\/11\/131685334_230202985136391_5199427107568168379_n.jpg?resize=768%2C432&amp;ssl=1 768w, https:\/\/i0.wp.com\/strikkelilly.no\/wp-content\/uploads\/2023\/11\/131685334_230202985136391_5199427107568168379_n.jpg?resize=600%2C337&amp;ssl=1 600w\" sizes=\"(max-width: 1024px) 100vw, 1024px\" data-attachment-id=\"2015\" data-permalink=\"https:\/\/strikkelilly.no\/?attachment_id=2015\" data-orig-file=\"https:\/\/i0.wp.com\/strikkelilly.no\/wp-content\/uploads\/2023\/11\/131685334_230202985136391_5199427107568168379_n.jpg?fit=1080%2C607&amp;ssl=1\" data-orig-size=\"1080,607\" data-comments-opened=\"1\" data-image-meta=\"{&quot;aperture&quot;:&quot;0&quot;,&quot;credit&quot;:&quot;&quot;,&quot;camera&quot;:&quot;&quot;,&quot;caption&quot;:&quot;&quot;,&quot;created_timestamp&quot;:&quot;0&quot;,&quot;copyright&quot;:&quot;&quot;,&quot;focal_length&quot;:&quot;0&quot;,&quot;iso&quot;:&quot;0&quot;,&quot;shutter_speed&quot;:&quot;0&quot;,&quot;title&quot;:&quot;&quot;,&quot;orientation&quot;:&quot;0&quot;}\" data-image-title=\"131685334_230202985136391_5199427107568168379_n\" data-image-description=\"\" data-image-caption=\"\" data-large-file=\"https:\/\/i0.wp.com\/strikkelilly.no\/wp-content\/uploads\/2023\/11\/131685334_230202985136391_5199427107568168379_n.jpg?fit=1024%2C576&amp;ssl=1\" \/>\t\t\t\t\t\t\t\t\t\t\t\t\t\t\t<\/div>\n\t\t\t\t<\/div>\n\t\t\t\t<\/div>\n\t\t\t\t\t<\/div>\n\t\t\t\t<\/div>\n\t\t<div class=\"elementor-element elementor-element-1ae4d7a e-flex e-con-boxed e-con e-parent\" data-id=\"1ae4d7a\" data-element_type=\"container\" data-e-type=\"container\">\n\t\t\t\t\t<div class=\"e-con-inner\">\n\t\t\t\t<div class=\"elementor-element elementor-element-22a30aa elementor-widget elementor-widget-google_maps\" data-id=\"22a30aa\" data-element_type=\"widget\" data-e-type=\"widget\" data-widget_type=\"google_maps.default\">\n\t\t\t\t<div class=\"elementor-widget-container\">\n\t\t\t\t\t\t\t<div class=\"elementor-custom-embed\">\n\t\t\t<iframe loading=\"lazy\"\n\t\t\t\t\tsrc=\"https:\/\/maps.google.com\/maps?q=Strikkelilly&#038;t=m&#038;z=10&#038;output=embed&#038;iwloc=near\"\n\t\t\t\t\ttitle=\"Strikkelilly\"\n\t\t\t\t\taria-label=\"Strikkelilly\"\n\t\t\t><\/iframe>\n\t\t<\/div>\n\t\t\t\t\t\t<\/div>\n\t\t\t\t<\/div>\n\t\t\t\t\t<\/div>\n\t\t\t\t<\/div>\n\t\t\t\t<\/div>\n\t\t","protected":false},"excerpt":{"rendered":"<p>STRIKKELILLY Strikkelilly er den garnbutikken i Oslo som har holdt til lengst p\u00e5 samme adresse, og er derfor Oslo`s eldste garnbutikk. Butikken ble startet opp i 1969, og het da Bentes Boutique. Lilly har siden 1986 v\u00e6rt ansatt i Bentes Boutique, og jobbet da i alle avdelingene i Oslo, Bj\u00f8lsen (Gj\u00f8vikgt. 1A), Grunerl\u00f8kka (Markveien 52) [&hellip;]<\/p>\n","protected":false},"author":231827239,"featured_media":0,"parent":0,"menu_order":0,"comment_status":"closed","ping_status":"closed","template":"","meta":{"_crdt_document":"","advanced_seo_description":"","jetpack_seo_html_title":"","jetpack_seo_noindex":false,"footnotes":""},"class_list":["post-1890","page","type-page","status-publish","hentry"],"blocksy_meta":[],"jetpack_likes_enabled":true,"jetpack_sharing_enabled":true,"jetpack_shortlink":"https:\/\/wp.me\/PeAYrr-uu","jetpack-related-posts":[],"_links":{"self":[{"href":"https:\/\/strikkelilly.no\/index.php?rest_route=\/wp\/v2\/pages\/1890","targetHints":{"allow":["GET"]}}],"collection":[{"href":"https:\/\/strikkelilly.no\/index.php?rest_route=\/wp\/v2\/pages"}],"about":[{"href":"https:\/\/strikkelilly.no\/index.php?rest_route=\/wp\/v2\/types\/page"}],"author":[{"embeddable":true,"href":"https:\/\/strikkelilly.no\/index.php?rest_route=\/wp\/v2\/users\/231827239"}],"replies":[{"embeddable":true,"href":"https:\/\/strikkelilly.no\/index.php?rest_route=%2Fwp%2Fv2%2Fcomments&post=1890"}],"version-history":[{"count":28,"href":"https:\/\/strikkelilly.no\/index.php?rest_route=\/wp\/v2\/pages\/1890\/revisions"}],"predecessor-version":[{"id":2198,"href":"https:\/\/strikkelilly.no\/index.php?rest_route=\/wp\/v2\/pages\/1890\/revisions\/2198"}],"wp:attachment":[{"href":"https:\/\/strikkelilly.no\/index.php?rest_route=%2Fwp%2Fv2%2Fmedia&parent=1890"}],"curies":[{"name":"wp","href":"https:\/\/api.w.org\/{rel}","templated":true}]}}